{"id":31180,"date":"2026-02-19T16:42:55","date_gmt":"2026-02-19T16:42:55","guid":{"rendered":"https:\/\/www.sadeja.si\/?post_type=product&#038;p=31180"},"modified":"2026-02-21T17:24:50","modified_gmt":"2026-02-21T17:24:50","slug":"novo-liofilizirana-pitaja-v-prahu-150g-novo","status":"publish","type":"product","link":"https:\/\/www.sadeja.si\/en\/product\/novo-liofilizirana-pitaja-v-prahu-150g-novo\/","title":{"rendered":"LIOFILIZIRANA PITAJA V PRAHU (150g)"},"content":{"rendered":"","protected":false},"excerpt":{"rendered":"<div dir=\"auto\">\n<p>Barva, ki ustavi pogled.<\/p>\n<p>Liofilizirana pitaja v prahu ohrani svojo naravno, intenzivno ro\u017enato barvo in ne\u017eno sadno noto. Eleganten dodatek za vse, ki \u017eelijo ve\u010d kot le okus.<\/p>\n<p>\u2714 100 % sadje<br \/>\n\u2714 brez dodanega sladkorja<br \/>\n\u2714 brez aditivov<\/p>\n<p>Za trenutke, ko:<br \/>\n\u2013 \u017eeli\u0161 ustvariti nekaj posebnega<br \/>\n\u2013 \u017eeli\u0161 izstopati<br \/>\n\u2013 \u017eeli\u0161 navdu\u0161iti<\/p>\n<p>Majhen dodatek. Velik vtis.<\/p>\n<p>Te\u017ea:150g<\/p>\n<p data-start=\"1177\" data-end=\"1213\">\n<\/div>\n<div dir=\"auto\"><\/div>","protected":false},"featured_media":31189,"template":"","meta":{"_seopress_robots_primary_cat":"none","_seopress_titles_title":"","_seopress_titles_desc":"","_seopress_robots_index":""},"product_brand":[],"product_cat":[280],"product_tag":[],"class_list":{"0":"post-31180","1":"product","2":"type-product","3":"status-publish","4":"has-post-thumbnail","6":"product_cat-izdelki","8":"entry","9":"has-media","11":"first","12":"instock","13":"shipping-taxable","14":"purchasable","15":"product-type-simple","16":"has-product-nav","17":"col","18":"span_1_of_5","19":"owp-content-left","20":"item-entry","21":"owp-thumbs-layout-horizontal","22":"owp-btn-big","23":"owp-tabs-layout-horizontal","24":"has-no-thumbnails"},"_links":{"self":[{"href":"https:\/\/www.sadeja.si\/en\/wp-json\/wp\/v2\/product\/31180","targetHints":{"allow":["GET"]}}],"collection":[{"href":"https:\/\/www.sadeja.si\/en\/wp-json\/wp\/v2\/product"}],"about":[{"href":"https:\/\/www.sadeja.si\/en\/wp-json\/wp\/v2\/types\/product"}],"version-history":[{"count":0,"href":"https:\/\/www.sadeja.si\/en\/wp-json\/wp\/v2\/product\/31180\/revisions"}],"wp:featuredmedia":[{"embeddable":true,"href":"https:\/\/www.sadeja.si\/en\/wp-json\/wp\/v2\/media\/31189"}],"wp:attachment":[{"href":"https:\/\/www.sadeja.si\/en\/wp-json\/wp\/v2\/media?parent=31180"}],"wp:term":[{"taxonomy":"product_brand","embeddable":true,"href":"https:\/\/www.sadeja.si\/en\/wp-json\/wp\/v2\/product_brand?post=31180"},{"taxonomy":"product_cat","embeddable":true,"href":"https:\/\/www.sadeja.si\/en\/wp-json\/wp\/v2\/product_cat?post=31180"},{"taxonomy":"product_tag","embeddable":true,"href":"https:\/\/www.sadeja.si\/en\/wp-json\/wp\/v2\/product_tag?post=31180"}],"curies":[{"name":"wp","href":"https:\/\/api.w.org\/{rel}","templated":true}]}}