{"id":30619,"date":"2025-10-20T14:44:43","date_gmt":"2025-10-20T14:44:43","guid":{"rendered":"https:\/\/www.sadeja.si\/?post_type=product&#038;p=30619"},"modified":"2026-01-18T13:41:32","modified_gmt":"2026-01-18T13:41:32","slug":"jagode-lio-snack","status":"publish","type":"product","link":"https:\/\/www.sadeja.si\/en\/product\/jagode-lio-snack\/","title":{"rendered":"JAGODE lio snack"},"content":{"rendered":"","protected":false},"excerpt":{"rendered":"<p>Hrustljavo &#8211; sadne cele jagode s pridihom ne\u017ene sladkobe. Naravno okusne in nepremagljivo aromati\u010dne. Namenjene aktivnim in sladkosnednim.<\/p>\n<div dir=\"auto\">So\u010dne cele jagode, ki smo jih ne\u017eno posu\u0161ili z liofilizacijo, ohranijo barvo, aromo in strukturo. Za dodatno polnost okusa smo jim dodali sladkorni sirup, ki poudari naravno sadno aromo in ustvari prijetno ravnovesje med sve\u017eino in sladkostjo.<\/div>\n<div dir=\"auto\"><\/div>\n<div dir=\"auto\">Izdelek je brez GMO | brez barvil | veganski | brez glutena | naraven<\/div>\n<div dir=\"auto\"><\/div>\n<div dir=\"auto\">Neto te\u017ea: 25g<\/div>\n<div dir=\"auto\"><\/div>","protected":false},"featured_media":30981,"template":"","meta":{"_seopress_robots_primary_cat":"none","_seopress_titles_title":"","_seopress_titles_desc":"","_seopress_robots_index":""},"product_brand":[],"product_cat":[280],"product_tag":[],"class_list":{"0":"post-30619","1":"product","2":"type-product","3":"status-publish","4":"has-post-thumbnail","6":"product_cat-izdelki","8":"entry","9":"has-media","11":"first","12":"outofstock","13":"shipping-taxable","14":"purchasable","15":"product-type-simple","16":"has-product-nav","17":"col","18":"span_1_of_5","19":"owp-content-left","20":"item-entry","21":"owp-thumbs-layout-horizontal","22":"owp-btn-big","23":"owp-tabs-layout-horizontal","24":"has-no-thumbnails"},"_links":{"self":[{"href":"https:\/\/www.sadeja.si\/en\/wp-json\/wp\/v2\/product\/30619","targetHints":{"allow":["GET"]}}],"collection":[{"href":"https:\/\/www.sadeja.si\/en\/wp-json\/wp\/v2\/product"}],"about":[{"href":"https:\/\/www.sadeja.si\/en\/wp-json\/wp\/v2\/types\/product"}],"version-history":[{"count":0,"href":"https:\/\/www.sadeja.si\/en\/wp-json\/wp\/v2\/product\/30619\/revisions"}],"wp:featuredmedia":[{"embeddable":true,"href":"https:\/\/www.sadeja.si\/en\/wp-json\/wp\/v2\/media\/30981"}],"wp:attachment":[{"href":"https:\/\/www.sadeja.si\/en\/wp-json\/wp\/v2\/media?parent=30619"}],"wp:term":[{"taxonomy":"product_brand","embeddable":true,"href":"https:\/\/www.sadeja.si\/en\/wp-json\/wp\/v2\/product_brand?post=30619"},{"taxonomy":"product_cat","embeddable":true,"href":"https:\/\/www.sadeja.si\/en\/wp-json\/wp\/v2\/product_cat?post=30619"},{"taxonomy":"product_tag","embeddable":true,"href":"https:\/\/www.sadeja.si\/en\/wp-json\/wp\/v2\/product_tag?post=30619"}],"curies":[{"name":"wp","href":"https:\/\/api.w.org\/{rel}","templated":true}]}}