{"id":30502,"date":"2025-03-12T21:17:47","date_gmt":"2025-03-12T21:17:47","guid":{"rendered":"https:\/\/www.sadeja.si\/?post_type=product&#038;p=30502"},"modified":"2025-06-24T08:34:43","modified_gmt":"2025-06-24T08:34:43","slug":"jabolko-breskev-lici-copy-copy-copy-2-copy-copy","status":"publish","type":"product","link":"https:\/\/www.sadeja.si\/en\/product\/jabolko-breskev-lici-copy-copy-copy-2-copy-copy\/","title":{"rendered":"\u010cE\u0160NJA-JAGODA"},"content":{"rendered":"","protected":false},"excerpt":{"rendered":"<p>freeze-dried fruit | 100 % fruit | without additives | gluten free | no added sugar<br \/>\nwithout GMO | vegan<\/p>\n<p>neto te\u017ea: 1 x 50 g, 1 x 32 g<\/p>\n<ul>\n<li><strong>Narava v vsakem gri\u017eljaju:<\/strong> Liofilizirano sadje v sebi skriva poln okus in hranila. Zahvaljujo\u010d postopku liofilizacije ohrani vse snovi, ki jih na\u0161e telo potrebuje.<\/li>\n<li><strong>Vedno sve\u017ee, ter brez kompromisov:<\/strong> brez dodanega sladkorja, brez barvil ali konzervansov &#8211; popoln prigrizek za vse generacije.<\/li>\n<li><strong>Nepogre\u0161ljiv del va\u0161e kuhinje:<\/strong> Popestrite smoothije, jogurte, kosmi\u010de ali sla\u0161\u010dice, ki navdu\u0161ujejo\u00a0 z okusi.<\/li>\n<li><strong>Dolgotrajna sve\u017eina, kjerkoli ste:<\/strong> Zahvaljujo\u010d liofilizaciji ostane sadje hrustljavo in okusno kadarkoli si ga za\u017eelite.<\/li>\n<\/ul>","protected":false},"featured_media":30503,"template":"","meta":{"_seopress_robots_primary_cat":"none","_seopress_titles_title":"","_seopress_titles_desc":"","_seopress_robots_index":""},"product_brand":[],"product_cat":[280],"product_tag":[],"class_list":{"0":"post-30502","1":"product","2":"type-product","3":"status-publish","4":"has-post-thumbnail","6":"product_cat-izdelki","8":"entry","9":"has-media","11":"first","12":"outofstock","13":"sale","14":"shipping-taxable","15":"purchasable","16":"product-type-simple","17":"has-product-nav","18":"col","19":"span_1_of_5","20":"owp-content-left","21":"item-entry","22":"owp-thumbs-layout-horizontal","23":"owp-btn-big","24":"owp-tabs-layout-horizontal","25":"has-no-thumbnails"},"_links":{"self":[{"href":"https:\/\/www.sadeja.si\/en\/wp-json\/wp\/v2\/product\/30502","targetHints":{"allow":["GET"]}}],"collection":[{"href":"https:\/\/www.sadeja.si\/en\/wp-json\/wp\/v2\/product"}],"about":[{"href":"https:\/\/www.sadeja.si\/en\/wp-json\/wp\/v2\/types\/product"}],"version-history":[{"count":0,"href":"https:\/\/www.sadeja.si\/en\/wp-json\/wp\/v2\/product\/30502\/revisions"}],"wp:featuredmedia":[{"embeddable":true,"href":"https:\/\/www.sadeja.si\/en\/wp-json\/wp\/v2\/media\/30503"}],"wp:attachment":[{"href":"https:\/\/www.sadeja.si\/en\/wp-json\/wp\/v2\/media?parent=30502"}],"wp:term":[{"taxonomy":"product_brand","embeddable":true,"href":"https:\/\/www.sadeja.si\/en\/wp-json\/wp\/v2\/product_brand?post=30502"},{"taxonomy":"product_cat","embeddable":true,"href":"https:\/\/www.sadeja.si\/en\/wp-json\/wp\/v2\/product_cat?post=30502"},{"taxonomy":"product_tag","embeddable":true,"href":"https:\/\/www.sadeja.si\/en\/wp-json\/wp\/v2\/product_tag?post=30502"}],"curies":[{"name":"wp","href":"https:\/\/api.w.org\/{rel}","templated":true}]}}