{"id":30253,"date":"2024-12-10T20:05:17","date_gmt":"2024-12-10T20:05:17","guid":{"rendered":"https:\/\/www.sadeja.si\/?post_type=product&#038;p=30253"},"modified":"2025-07-07T22:02:34","modified_gmt":"2025-07-07T22:02:34","slug":"cesnja","status":"publish","type":"product","link":"https:\/\/www.sadeja.si\/en\/product\/cesnja\/","title":{"rendered":"\u010cE\u0160NJA"},"content":{"rendered":"","protected":false},"excerpt":{"rendered":"<p>freeze-dried fruit | 100 % fruit | without additives | gluten free | no added sugar<br \/>\nwithout GMO | vegan<\/p>\n<p>te\u017ea: 50 g<\/p>\n<div dir=\"auto\">\u00a0&#8211; Naravni okus v vsakem gri\u017eljaju: Liofilizirane \u010de\u0161nje ohranijo poln okus, bogat z vitamini in antioksidanti, kot bi jih pravkar utrgali z drevesa.<\/div>\n<div dir=\"auto\"><\/div>\n<div dir=\"auto\">&#8211; Brez dodatkov, samo narava: Brez dodanega sladkorja ali konzervansov \u2013 popoln prigrizek za zdrav \u017eivljenjski slog.<\/div>\n<div dir=\"auto\"><\/div>\n<div dir=\"auto\">&#8211; Vedno sve\u017ee, vedno pri roki: Liofilizacija omogo\u010da dolgotrajno shranjevanje brez izgube hranilnih snovi ali arome.<\/div>\n<div dir=\"auto\"><\/div>\n<div dir=\"auto\">&#8211; Ve\u010d kot prigrizek: Idealen dodatek za smoothieje, jogurte, kosmi\u010de ali sla\u0161\u010dice \u2013 preprosto nepogre\u0161ljiv v va\u0161i kuhinji.<\/div>\n<div dir=\"auto\"><\/div>\n<div dir=\"auto\"><\/div>\n<div class=\"yj6qo\"><\/div>\n<div class=\"adL\" dir=\"auto\"><\/div>\n<p>&nbsp;<\/p>\n<p>&nbsp;<\/p>","protected":false},"featured_media":30495,"template":"","meta":{"_seopress_robots_primary_cat":"none","_seopress_titles_title":"","_seopress_titles_desc":"","_seopress_robots_index":""},"product_brand":[],"product_cat":[280],"product_tag":[],"class_list":{"0":"post-30253","1":"product","2":"type-product","3":"status-publish","4":"has-post-thumbnail","6":"product_cat-izdelki","8":"entry","9":"has-media","11":"first","12":"outofstock","13":"sale","14":"shipping-taxable","15":"purchasable","16":"product-type-simple","17":"has-product-nav","18":"col","19":"span_1_of_5","20":"owp-content-left","21":"item-entry","22":"owp-thumbs-layout-horizontal","23":"owp-btn-big","24":"owp-tabs-layout-horizontal","25":"has-no-thumbnails"},"_links":{"self":[{"href":"https:\/\/www.sadeja.si\/en\/wp-json\/wp\/v2\/product\/30253","targetHints":{"allow":["GET"]}}],"collection":[{"href":"https:\/\/www.sadeja.si\/en\/wp-json\/wp\/v2\/product"}],"about":[{"href":"https:\/\/www.sadeja.si\/en\/wp-json\/wp\/v2\/types\/product"}],"version-history":[{"count":0,"href":"https:\/\/www.sadeja.si\/en\/wp-json\/wp\/v2\/product\/30253\/revisions"}],"wp:featuredmedia":[{"embeddable":true,"href":"https:\/\/www.sadeja.si\/en\/wp-json\/wp\/v2\/media\/30495"}],"wp:attachment":[{"href":"https:\/\/www.sadeja.si\/en\/wp-json\/wp\/v2\/media?parent=30253"}],"wp:term":[{"taxonomy":"product_brand","embeddable":true,"href":"https:\/\/www.sadeja.si\/en\/wp-json\/wp\/v2\/product_brand?post=30253"},{"taxonomy":"product_cat","embeddable":true,"href":"https:\/\/www.sadeja.si\/en\/wp-json\/wp\/v2\/product_cat?post=30253"},{"taxonomy":"product_tag","embeddable":true,"href":"https:\/\/www.sadeja.si\/en\/wp-json\/wp\/v2\/product_tag?post=30253"}],"curies":[{"name":"wp","href":"https:\/\/api.w.org\/{rel}","templated":true}]}}