{"id":28896,"date":"2023-03-12T20:57:42","date_gmt":"2023-03-12T20:57:42","guid":{"rendered":"https:\/\/www.sadeja.si\/?post_type=product&#038;p=28896"},"modified":"2026-03-31T11:02:41","modified_gmt":"2026-03-31T11:02:41","slug":"sadni-mix","status":"publish","type":"product","link":"https:\/\/www.sadeja.si\/en\/product\/sadni-mix\/","title":{"rendered":"LIOFILIZIRAN SADNI MIX"},"content":{"rendered":"","protected":false},"excerpt":{"rendered":"<p data-start=\"423\" data-end=\"581\">Sadni mix zdru\u017euje skrbno izbrano kombinacijo <strong data-start=\"469\" data-end=\"505\">jabolk, breskev, fig in borovnic<\/strong>, ki skupaj ustvarijo popolno ravnovesje sladkobe, sve\u017eine in naravne arome.<\/p>\n<p data-start=\"583\" data-end=\"622\">S postopkom liofilizacije sadje ohrani:<\/p>\n<ul data-start=\"623\" data-end=\"683\">\n<li data-start=\"623\" data-end=\"642\">\n<p data-start=\"625\" data-end=\"642\">intenziven okus<\/p>\n<\/li>\n<li data-start=\"643\" data-end=\"660\">\n<p data-start=\"645\" data-end=\"660\">naravno barvo<\/p>\n<\/li>\n<li data-start=\"661\" data-end=\"683\">\n<p data-start=\"663\" data-end=\"683\">hranilne vrednosti<\/p>\n<\/li>\n<\/ul>\n<p data-start=\"685\" data-end=\"768\">Rezultat?<br data-start=\"694\" data-end=\"697\" \/>\ud83d\udc49 <strong data-start=\"700\" data-end=\"768\">lahkoten, hrustljav prigrizek, ki te zasvoji (na dober na\u010din \ud83d\ude04)<\/strong><\/p>\n<p data-start=\"812\" data-end=\"919\">\u2714 100 % sadje<br data-start=\"825\" data-end=\"828\" \/>\u2714 brez dodanega sladkorja<br data-start=\"853\" data-end=\"856\" \/>\u2714 naravno sladko<br data-start=\"872\" data-end=\"875\" \/>\u2714 hrustljavo kot \u010dips<br data-start=\"896\" data-end=\"899\" \/>\u2714 brez slabe vesti<\/p>\n<p data-start=\"812\" data-end=\"919\">Izjemno prakti\u010den prigrizek, ki je primeren za doma, v slu\u017ebi, poti, \u0161portu, pohodni\u0161tvu,&#8230;Vnos prav energije. Enkrat proba\u0161. Vedno se vra\u010da\u0161.<\/p>\n<p data-start=\"812\" data-end=\"919\">Neto te\u017ea: 40g<\/p>","protected":false},"featured_media":31200,"template":"","meta":{"_seopress_robots_primary_cat":"none","_seopress_titles_title":"","_seopress_titles_desc":"","_seopress_robots_index":""},"product_brand":[],"product_cat":[280],"product_tag":[],"class_list":{"0":"post-28896","1":"product","2":"type-product","3":"status-publish","4":"has-post-thumbnail","6":"product_cat-izdelki","8":"entry","9":"has-media","11":"first","12":"outofstock","13":"shipping-taxable","14":"purchasable","15":"product-type-simple","16":"has-product-nav","17":"col","18":"span_1_of_5","19":"owp-content-left","20":"item-entry","21":"owp-thumbs-layout-horizontal","22":"owp-btn-big","23":"owp-tabs-layout-horizontal","24":"has-no-thumbnails"},"_links":{"self":[{"href":"https:\/\/www.sadeja.si\/en\/wp-json\/wp\/v2\/product\/28896","targetHints":{"allow":["GET"]}}],"collection":[{"href":"https:\/\/www.sadeja.si\/en\/wp-json\/wp\/v2\/product"}],"about":[{"href":"https:\/\/www.sadeja.si\/en\/wp-json\/wp\/v2\/types\/product"}],"version-history":[{"count":0,"href":"https:\/\/www.sadeja.si\/en\/wp-json\/wp\/v2\/product\/28896\/revisions"}],"wp:featuredmedia":[{"embeddable":true,"href":"https:\/\/www.sadeja.si\/en\/wp-json\/wp\/v2\/media\/31200"}],"wp:attachment":[{"href":"https:\/\/www.sadeja.si\/en\/wp-json\/wp\/v2\/media?parent=28896"}],"wp:term":[{"taxonomy":"product_brand","embeddable":true,"href":"https:\/\/www.sadeja.si\/en\/wp-json\/wp\/v2\/product_brand?post=28896"},{"taxonomy":"product_cat","embeddable":true,"href":"https:\/\/www.sadeja.si\/en\/wp-json\/wp\/v2\/product_cat?post=28896"},{"taxonomy":"product_tag","embeddable":true,"href":"https:\/\/www.sadeja.si\/en\/wp-json\/wp\/v2\/product_tag?post=28896"}],"curies":[{"name":"wp","href":"https:\/\/api.w.org\/{rel}","templated":true}]}}