{"id":28885,"date":"2023-03-12T20:50:36","date_gmt":"2023-03-12T20:50:36","guid":{"rendered":"https:\/\/www.sadeja.si\/?post_type=product&#038;p=28885"},"modified":"2026-04-27T07:48:29","modified_gmt":"2026-04-27T07:48:29","slug":"lici","status":"publish","type":"product","link":"https:\/\/www.sadeja.si\/en\/product\/lici\/","title":{"rendered":"LIOFILIZIRAN LI\u010cI"},"content":{"rendered":"","protected":false},"excerpt":{"rendered":"<p>Ne\u017een okus. Eksoti\u010den zna\u010daj. Pravi mali luksuz.<\/p>\n<p>Liofiliziran li\u010di ohrani svojo ne\u017eno sladkobo, rahlo cvetli\u010dno aromo in zna\u010dilen tropski karakter. Hrustljav na ugriz, sladek po okusu, ki ostane.<\/p>\n<p>\u2714 100 % sadje<br \/>\n\u2714 brez dodanega sladkorja<br \/>\n\u2714 brez aditivov<\/p>\n<p>Popolno za:<br \/>\n\u2013 poseben prigrizek<br \/>\n\u2013 razvajanje brez slabe vesti<br \/>\n\u2013 dodatek k sladicam ali napitkom<br \/>\n\u2013 trenutke, ko \u017eeli\u0161 nekaj druga\u010dnega<\/p>\n<p>Majhen sade\u017e. Velik vtis.<\/p>","protected":false},"featured_media":30962,"template":"","meta":{"_seopress_robots_primary_cat":"none","_seopress_titles_title":"","_seopress_titles_desc":"","_seopress_robots_index":""},"product_brand":[],"product_cat":[280],"product_tag":[],"class_list":{"0":"post-28885","1":"product","2":"type-product","3":"status-publish","4":"has-post-thumbnail","6":"product_cat-izdelki","8":"entry","9":"has-media","11":"first","12":"outofstock","13":"shipping-taxable","14":"purchasable","15":"product-type-simple","16":"has-product-nav","17":"col","18":"span_1_of_5","19":"owp-content-left","20":"item-entry","21":"owp-thumbs-layout-horizontal","22":"owp-btn-big","23":"owp-tabs-layout-horizontal","24":"has-no-thumbnails"},"_links":{"self":[{"href":"https:\/\/www.sadeja.si\/en\/wp-json\/wp\/v2\/product\/28885","targetHints":{"allow":["GET"]}}],"collection":[{"href":"https:\/\/www.sadeja.si\/en\/wp-json\/wp\/v2\/product"}],"about":[{"href":"https:\/\/www.sadeja.si\/en\/wp-json\/wp\/v2\/types\/product"}],"version-history":[{"count":0,"href":"https:\/\/www.sadeja.si\/en\/wp-json\/wp\/v2\/product\/28885\/revisions"}],"wp:featuredmedia":[{"embeddable":true,"href":"https:\/\/www.sadeja.si\/en\/wp-json\/wp\/v2\/media\/30962"}],"wp:attachment":[{"href":"https:\/\/www.sadeja.si\/en\/wp-json\/wp\/v2\/media?parent=28885"}],"wp:term":[{"taxonomy":"product_brand","embeddable":true,"href":"https:\/\/www.sadeja.si\/en\/wp-json\/wp\/v2\/product_brand?post=28885"},{"taxonomy":"product_cat","embeddable":true,"href":"https:\/\/www.sadeja.si\/en\/wp-json\/wp\/v2\/product_cat?post=28885"},{"taxonomy":"product_tag","embeddable":true,"href":"https:\/\/www.sadeja.si\/en\/wp-json\/wp\/v2\/product_tag?post=28885"}],"curies":[{"name":"wp","href":"https:\/\/api.w.org\/{rel}","templated":true}]}}