{"id":28866,"date":"2023-03-12T20:37:34","date_gmt":"2023-03-12T20:37:34","guid":{"rendered":"https:\/\/www.sadeja.si\/?post_type=product&#038;p=28866"},"modified":"2026-04-27T07:28:15","modified_gmt":"2026-04-27T07:28:15","slug":"tropical-mix","status":"publish","type":"product","link":"https:\/\/www.sadeja.si\/en\/product\/tropical-mix\/","title":{"rendered":"LIOFILIZIRAN TROPICAL MIX"},"content":{"rendered":"","protected":false},"excerpt":{"rendered":"<p>Tropski okus. Son\u010dna energija. Poletje v vsakem gri\u017eljaju.<\/p>\n<p>Popolna kombinacija banane, ananasa, papaje in manga ustvari sadni mix, ki zdru\u017euje naravno sladkobo, rahlo sve\u017eino in eksoti\u010den karakter.<\/p>\n<p>Liofilizacija ohrani vse najbolj\u0161e iz sadja \u2013 okus, barvo in hranila.<\/p>\n<p>\u2714 100 % sadje<br \/>\n\u2714 brez dodanega sladkorja<br \/>\n\u2714 brez aditivov<\/p>\n<p>Popolno za:<br \/>\n\u2013 prigrizek brez slabe vesti<br \/>\n\u2013 energijo na poti<br \/>\n\u2013 dodatek k jogurtu ali kosmi\u010dem<br \/>\n\u2013 tropski \u201cboost\u201d v vsakem dnevu<\/p>\n<p>Odpre\u0161. In si \u017ee na dopustu.<\/p>\n<p>weight: 40 g<\/p>\n<div class=\"adn ads\" data-message-id=\"#msg-a:r1283233948627567833\" data-legacy-message-id=\"193738d2936f0de4\">\n<div class=\"gs\">\n<div class=\"\">\n<div id=\":bv\" class=\"ii gt\">\n<div id=\":bu\" class=\"a3s aiL\">\n<div class=\"adL\"><\/div>\n<\/div>\n<\/div>\n<div class=\"WhmR8e\" data-hash=\"0\"><\/div>\n<\/div>\n<\/div>\n<\/div>","protected":false},"featured_media":30967,"template":"","meta":{"_seopress_robots_primary_cat":"none","_seopress_titles_title":"","_seopress_titles_desc":"","_seopress_robots_index":""},"product_brand":[],"product_cat":[280],"product_tag":[],"class_list":{"0":"post-28866","1":"product","2":"type-product","3":"status-publish","4":"has-post-thumbnail","6":"product_cat-izdelki","8":"entry","9":"has-media","11":"first","12":"instock","13":"shipping-taxable","14":"purchasable","15":"product-type-simple","16":"has-product-nav","17":"col","18":"span_1_of_5","19":"owp-content-left","20":"item-entry","21":"owp-thumbs-layout-horizontal","22":"owp-btn-big","23":"owp-tabs-layout-horizontal","24":"has-no-thumbnails"},"_links":{"self":[{"href":"https:\/\/www.sadeja.si\/en\/wp-json\/wp\/v2\/product\/28866","targetHints":{"allow":["GET"]}}],"collection":[{"href":"https:\/\/www.sadeja.si\/en\/wp-json\/wp\/v2\/product"}],"about":[{"href":"https:\/\/www.sadeja.si\/en\/wp-json\/wp\/v2\/types\/product"}],"version-history":[{"count":0,"href":"https:\/\/www.sadeja.si\/en\/wp-json\/wp\/v2\/product\/28866\/revisions"}],"wp:featuredmedia":[{"embeddable":true,"href":"https:\/\/www.sadeja.si\/en\/wp-json\/wp\/v2\/media\/30967"}],"wp:attachment":[{"href":"https:\/\/www.sadeja.si\/en\/wp-json\/wp\/v2\/media?parent=28866"}],"wp:term":[{"taxonomy":"product_brand","embeddable":true,"href":"https:\/\/www.sadeja.si\/en\/wp-json\/wp\/v2\/product_brand?post=28866"},{"taxonomy":"product_cat","embeddable":true,"href":"https:\/\/www.sadeja.si\/en\/wp-json\/wp\/v2\/product_cat?post=28866"},{"taxonomy":"product_tag","embeddable":true,"href":"https:\/\/www.sadeja.si\/en\/wp-json\/wp\/v2\/product_tag?post=28866"}],"curies":[{"name":"wp","href":"https:\/\/api.w.org\/{rel}","templated":true}]}}