{"id":28847,"date":"2023-03-12T20:26:43","date_gmt":"2023-03-12T20:26:43","guid":{"rendered":"https:\/\/www.sadeja.si\/?post_type=product&#038;p=28847"},"modified":"2026-02-21T17:09:46","modified_gmt":"2026-02-21T17:09:46","slug":"breskev","status":"publish","type":"product","link":"https:\/\/www.sadeja.si\/en\/product\/breskev\/","title":{"rendered":"LIOFILIZIRANA RUMENA BRESKEV"},"content":{"rendered":"","protected":false},"excerpt":{"rendered":"<p>So\u010dna sladkost. Ne\u017een okus. Poletje v vsakem gri\u017eljaju.<\/p>\n<p>Liofilizirana breskev ohrani svojo naravno sladkobo, aromo in mehko sadno noto. Hrustljava tekstura ustvari popolno ravnovesje med lahkotnostjo in bogatim okusom.<\/p>\n<p>\u2714 100 % sadje<br \/>\n\u2714 brez dodanega sladkorja<br \/>\n\u2714 brez aditivov<\/p>\n<p>Popolno za:<br \/>\n\u2013 sladek prigrizek brez slabe vesti<br \/>\n\u2013 dodatek k jogurtu ali ka\u0161i<br \/>\n\u2013 smoothie ali sladice<br \/>\n\u2013 trenutke, ko si \u017eeli\u0161 nekaj ne\u017enega in dobrega<\/p>\n<p>Ne\u017eno. Sladko. Preprosto odli\u010dno.<\/p>\n<p>weight: 40 g<\/p>","protected":false},"featured_media":30973,"template":"","meta":{"_seopress_robots_primary_cat":"none","_seopress_titles_title":"","_seopress_titles_desc":"","_seopress_robots_index":""},"product_brand":[],"product_cat":[280],"product_tag":[],"class_list":{"0":"post-28847","1":"product","2":"type-product","3":"status-publish","4":"has-post-thumbnail","6":"product_cat-izdelki","8":"entry","9":"has-media","11":"first","12":"instock","13":"shipping-taxable","14":"purchasable","15":"product-type-simple","16":"has-product-nav","17":"col","18":"span_1_of_5","19":"owp-content-left","20":"item-entry","21":"owp-thumbs-layout-horizontal","22":"owp-btn-big","23":"owp-tabs-layout-horizontal","24":"has-no-thumbnails"},"_links":{"self":[{"href":"https:\/\/www.sadeja.si\/en\/wp-json\/wp\/v2\/product\/28847","targetHints":{"allow":["GET"]}}],"collection":[{"href":"https:\/\/www.sadeja.si\/en\/wp-json\/wp\/v2\/product"}],"about":[{"href":"https:\/\/www.sadeja.si\/en\/wp-json\/wp\/v2\/types\/product"}],"version-history":[{"count":0,"href":"https:\/\/www.sadeja.si\/en\/wp-json\/wp\/v2\/product\/28847\/revisions"}],"wp:featuredmedia":[{"embeddable":true,"href":"https:\/\/www.sadeja.si\/en\/wp-json\/wp\/v2\/media\/30973"}],"wp:attachment":[{"href":"https:\/\/www.sadeja.si\/en\/wp-json\/wp\/v2\/media?parent=28847"}],"wp:term":[{"taxonomy":"product_brand","embeddable":true,"href":"https:\/\/www.sadeja.si\/en\/wp-json\/wp\/v2\/product_brand?post=28847"},{"taxonomy":"product_cat","embeddable":true,"href":"https:\/\/www.sadeja.si\/en\/wp-json\/wp\/v2\/product_cat?post=28847"},{"taxonomy":"product_tag","embeddable":true,"href":"https:\/\/www.sadeja.si\/en\/wp-json\/wp\/v2\/product_tag?post=28847"}],"curies":[{"name":"wp","href":"https:\/\/api.w.org\/{rel}","templated":true}]}}