{"id":28843,"date":"2023-03-12T20:24:21","date_gmt":"2023-03-12T20:24:21","guid":{"rendered":"https:\/\/www.sadeja.si\/?post_type=product&#038;p=28843"},"modified":"2026-04-27T09:17:54","modified_gmt":"2026-04-27T09:17:54","slug":"kivi","status":"publish","type":"product","link":"https:\/\/www.sadeja.si\/en\/product\/kivi\/","title":{"rendered":"LIOFILIZIRAN KIVI"},"content":{"rendered":"","protected":false},"excerpt":{"rendered":"<p>Sve\u017eina, ki prebudi. Okus, ki preseneti.<\/p>\n<p>Liofiliziran kivi ohrani svojo zna\u010dilno sladko-kislo noto, \u017eivahno zeleno barvo in naravno aromo. Hrustljav na ugriz, a poln sve\u017eine, ki te napolni z energijo.<\/p>\n<p>\u2714 100 % sadje<br \/>\n\u2714 brez dodanega sladkorja<br \/>\n\u2714 brez aditivov<\/p>\n<p>Popolno za:<br \/>\n\u2013 osve\u017eujo\u010d prigrizek<br \/>\n\u2013 dodatek k jogurtu ali kosmi\u010dem<br \/>\n\u2013 smoothie ali napitke<br \/>\n\u2013 dekoracijo sladic z naravno barvo<\/p>\n<p>Majhen gri\u017eljaj. Velik \u201crefresh\u201d.<\/p>\n<p>weight: 40 g<\/p>","protected":false},"featured_media":30975,"template":"","meta":{"_seopress_robots_primary_cat":"none","_seopress_titles_title":"","_seopress_titles_desc":"","_seopress_robots_index":""},"product_brand":[],"product_cat":[280],"product_tag":[],"class_list":{"0":"post-28843","1":"product","2":"type-product","3":"status-publish","4":"has-post-thumbnail","6":"product_cat-izdelki","8":"entry","9":"has-media","11":"first","12":"instock","13":"sale","14":"shipping-taxable","15":"purchasable","16":"product-type-simple","17":"has-product-nav","18":"col","19":"span_1_of_5","20":"owp-content-left","21":"item-entry","22":"owp-thumbs-layout-horizontal","23":"owp-btn-big","24":"owp-tabs-layout-horizontal","25":"has-no-thumbnails"},"_links":{"self":[{"href":"https:\/\/www.sadeja.si\/en\/wp-json\/wp\/v2\/product\/28843","targetHints":{"allow":["GET"]}}],"collection":[{"href":"https:\/\/www.sadeja.si\/en\/wp-json\/wp\/v2\/product"}],"about":[{"href":"https:\/\/www.sadeja.si\/en\/wp-json\/wp\/v2\/types\/product"}],"version-history":[{"count":0,"href":"https:\/\/www.sadeja.si\/en\/wp-json\/wp\/v2\/product\/28843\/revisions"}],"wp:featuredmedia":[{"embeddable":true,"href":"https:\/\/www.sadeja.si\/en\/wp-json\/wp\/v2\/media\/30975"}],"wp:attachment":[{"href":"https:\/\/www.sadeja.si\/en\/wp-json\/wp\/v2\/media?parent=28843"}],"wp:term":[{"taxonomy":"product_brand","embeddable":true,"href":"https:\/\/www.sadeja.si\/en\/wp-json\/wp\/v2\/product_brand?post=28843"},{"taxonomy":"product_cat","embeddable":true,"href":"https:\/\/www.sadeja.si\/en\/wp-json\/wp\/v2\/product_cat?post=28843"},{"taxonomy":"product_tag","embeddable":true,"href":"https:\/\/www.sadeja.si\/en\/wp-json\/wp\/v2\/product_tag?post=28843"}],"curies":[{"name":"wp","href":"https:\/\/api.w.org\/{rel}","templated":true}]}}