{"id":29494,"date":"2023-05-03T08:37:10","date_gmt":"2023-05-03T08:37:10","guid":{"rendered":"https:\/\/www.sadeja.si\/politika-zasebnosti-copy\/"},"modified":"2024-10-14T10:46:54","modified_gmt":"2024-10-14T10:46:54","slug":"placilni-pogoji-dostava-in-prevzem","status":"publish","type":"page","link":"https:\/\/www.sadeja.si\/en\/placilni-pogoji-dostava-in-prevzem\/","title":{"rendered":"Pla\u010dilni pogoji, dostava in prevzem"},"content":{"rendered":"<div data-elementor-type=\"wp-page\" data-elementor-id=\"29494\" class=\"elementor elementor-29494\" data-elementor-post-type=\"page\">\n\t\t\t\t\t\t<section class=\"elementor-section elementor-top-section elementor-element elementor-element-ea80c10 elementor-section-boxed elementor-section-height-default elementor-section-height-default\" data-id=\"ea80c10\" data-element_type=\"section\" data-settings=\"{&quot;jet_parallax_layout_list&quot;:[{&quot;jet_parallax_layout_image&quot;:{&quot;url&quot;:&quot;&quot;,&quot;id&quot;:&quot;&quot;,&quot;size&quot;:&quot;&quot;},&quot;_id&quot;:&quot;1c579d9&quot;,&quot;jet_parallax_layout_image_tablet&quot;:{&quot;url&quot;:&quot;&quot;,&quot;id&quot;:&quot;&quot;,&quot;size&quot;:&quot;&quot;},&quot;jet_parallax_layout_image_mobile&quot;:{&quot;url&quot;:&quot;&quot;,&quot;id&quot;:&quot;&quot;,&quot;size&quot;:&quot;&quot;},&quot;jet_parallax_layout_speed&quot;:{&quot;unit&quot;:&quot;%&quot;,&quot;size&quot;:50,&quot;sizes&quot;:[]},&quot;jet_parallax_layout_type&quot;:&quot;scroll&quot;,&quot;jet_parallax_layout_direction&quot;:null,&quot;jet_parallax_layout_fx_direction&quot;:null,&quot;jet_parallax_layout_z_index&quot;:&quot;&quot;,&quot;jet_parallax_layout_bg_x&quot;:50,&quot;jet_parallax_layout_bg_x_tablet&quot;:&quot;&quot;,&quot;jet_parallax_layout_bg_x_mobile&quot;:&quot;&quot;,&quot;jet_parallax_layout_bg_y&quot;:50,&quot;jet_parallax_layout_bg_y_tablet&quot;:&quot;&quot;,&quot;jet_parallax_layout_bg_y_mobile&quot;:&quot;&quot;,&quot;jet_parallax_layout_bg_size&quot;:&quot;auto&quot;,&quot;jet_parallax_layout_bg_size_tablet&quot;:&quot;&quot;,&quot;jet_parallax_layout_bg_size_mobile&quot;:&quot;&quot;,&quot;jet_parallax_layout_animation_prop&quot;:&quot;transform&quot;,&quot;jet_parallax_layout_on&quot;:[&quot;desktop&quot;,&quot;tablet&quot;]}]}\">\n\t\t\t\t\t\t<div class=\"elementor-container elementor-column-gap-default\">\n\t\t\t\t\t<div class=\"elementor-column elementor-col-100 elementor-top-column elementor-element elementor-element-5862d15\" data-id=\"5862d15\" data-element_type=\"column\">\n\t\t\t<div class=\"elementor-widget-wrap elementor-element-populated\">\n\t\t\t\t\t\t<div class=\"elementor-element elementor-element-0010aa7 elementor-widget elementor-widget-heading\" data-id=\"0010aa7\" data-element_type=\"widget\" data-widget_type=\"heading.default\">\n\t\t\t\t\t<h1 class=\"elementor-heading-title elementor-size-default\">PLA\u010cILNI POGOJI, DOSTAVA IN PREVZEM<\/h1>\t\t\t\t<\/div>\n\t\t\t\t<div class=\"elementor-element elementor-element-68362b9 elementor-widget elementor-widget-heading\" data-id=\"68362b9\" data-element_type=\"widget\" data-widget_type=\"heading.default\">\n\t\t\t\t\t<h1 class=\"elementor-heading-title elementor-size-default\">Naro\u010deno blago potro\u0161nik po prejemu \u201cpovzetka naro\u010dila\u201d pla\u010da:<\/h1>\t\t\t\t<\/div>\n\t\t\t\t<div class=\"elementor-element elementor-element-ac5903d elementor-widget elementor-widget-text-editor\" data-id=\"ac5903d\" data-element_type=\"widget\" data-widget_type=\"text-editor.default\">\n\t\t\t\t\t\t\t\t\t<ul><li>With Mastercard, Visa, American Express, Diners, Maestro and Discover credit cards. Credit card payments are made through the Stripe payment system, which provides you with the safest online card payment method. Products will be shipped within two working days of arrival.<\/li><li>Po povzetju (dopla\u010dilo 0.90\u20ac), kjer znesek poravnate dostavnemu uslu\u017ebencu.<\/li><li>According to the estimate<\/li><\/ul>\t\t\t\t\t\t\t\t<\/div>\n\t\t\t\t<div class=\"elementor-element elementor-element-c196cf9 elementor-widget elementor-widget-heading\" data-id=\"c196cf9\" data-element_type=\"widget\" data-widget_type=\"heading.default\">\n\t\t\t\t\t<h1 class=\"elementor-heading-title elementor-size-default\">Prevzem in dostava:<\/h1>\t\t\t\t<\/div>\n\t\t\t\t<div class=\"elementor-element elementor-element-a4ea11a elementor-widget elementor-widget-text-editor\" data-id=\"a4ea11a\" data-element_type=\"widget\" data-widget_type=\"text-editor.default\">\n\t\t\t\t\t\t\t\t\t<p>Goods can also be picked up at the company headquarters, every day between 8 a.m. and 6 p.m., with timely advance notice to the company&#039;s phone number or e-mail address. Delivery price for delivery with GLS to Slovenia:<\/p><p>\u2013 Cena dostave do zneska 40,00 eur je 4,3 eur, nad to vi\u0161ino naro\u010dila pa je brezpla\u010dna.<\/p><p>For delivery of all orders in the online store <a href=\"https:\/\/www.sadeja.si\/en\/shop\/\">https:\/\/www.sadeja.si\/shop\/<\/a> \u00a0is taken care of by our contracted courier service GLS Slovenia. We will deliver the ordered goods to the contractual delivery partner within two working days. If, due to special circumstances, this is not possible, we will inform the customer about this and make other arrangements with the customer.<\/p><p>We deliver the goods throughout Slovenia and deliver them to the address provided. In the case of personal collection, we agree on the exact time and place of collection in advance.<\/p>\t\t\t\t\t\t\t\t<\/div>\n\t\t\t\t\t<\/div>\n\t\t<\/div>\n\t\t\t\t\t<\/div>\n\t\t<\/section>\n\t\t\t\t<\/div>","protected":false},"excerpt":{"rendered":"<p>PLA\u010cILNI POGOJI, DOSTAVA IN PREVZEM Naro\u010deno blago potro\u0161nik po prejemu \u201cpovzetka naro\u010dila\u201d pla\u010da: S kreditnimi karticami Mastercard, Visa, American Express, Diners, Maestro in Discover. Pla\u010devanje s kreditnimi karticami poteka preko pla\u010dilnega sistema Stripe, ki vam omogo\u010da najvarnej\u0161i na\u010din spletnega karti\u010dnega pla\u010devanja. Izdelki bodo odpremljeni v roku dveh delovnih dni po prilivu. Po povzetju (dopla\u010dilo 0.90\u20ac), [&hellip;]<\/p>","protected":false},"author":1,"featured_media":0,"parent":0,"menu_order":0,"comment_status":"closed","ping_status":"closed","template":"","meta":{"_seopress_robots_primary_cat":"","_seopress_titles_title":"","_seopress_titles_desc":"","_seopress_robots_index":"","footnotes":""},"class_list":["post-29494","page","type-page","status-publish","hentry","entry","owp-thumbs-layout-horizontal","owp-btn-big","owp-tabs-layout-horizontal","has-no-thumbnails","has-product-nav"],"_links":{"self":[{"href":"https:\/\/www.sadeja.si\/en\/wp-json\/wp\/v2\/pages\/29494","targetHints":{"allow":["GET"]}}],"collection":[{"href":"https:\/\/www.sadeja.si\/en\/wp-json\/wp\/v2\/pages"}],"about":[{"href":"https:\/\/www.sadeja.si\/en\/wp-json\/wp\/v2\/types\/page"}],"author":[{"embeddable":true,"href":"https:\/\/www.sadeja.si\/en\/wp-json\/wp\/v2\/users\/1"}],"replies":[{"embeddable":true,"href":"https:\/\/www.sadeja.si\/en\/wp-json\/wp\/v2\/comments?post=29494"}],"version-history":[{"count":0,"href":"https:\/\/www.sadeja.si\/en\/wp-json\/wp\/v2\/pages\/29494\/revisions"}],"wp:attachment":[{"href":"https:\/\/www.sadeja.si\/en\/wp-json\/wp\/v2\/media?parent=29494"}],"curies":[{"name":"wp","href":"https:\/\/api.w.org\/{rel}","templated":true}]}}