{"id":29467,"date":"2023-05-03T08:18:33","date_gmt":"2023-05-03T08:18:33","guid":{"rendered":"https:\/\/www.sadeja.si\/liofilizirano-sadje-copy\/"},"modified":"2023-05-03T08:27:55","modified_gmt":"2023-05-03T08:27:55","slug":"politika-zasebnosti","status":"publish","type":"page","link":"https:\/\/www.sadeja.si\/en\/politika-zasebnosti\/","title":{"rendered":"Privacy policy"},"content":{"rendered":"<div data-elementor-type=\"wp-page\" data-elementor-id=\"29467\" class=\"elementor elementor-29467\" data-elementor-post-type=\"page\">\n\t\t\t\t\t\t<section class=\"elementor-section elementor-top-section elementor-element elementor-element-ea80c10 elementor-section-boxed elementor-section-height-default elementor-section-height-default\" data-id=\"ea80c10\" data-element_type=\"section\" data-settings=\"{&quot;jet_parallax_layout_list&quot;:[{&quot;jet_parallax_layout_image&quot;:{&quot;url&quot;:&quot;&quot;,&quot;id&quot;:&quot;&quot;,&quot;size&quot;:&quot;&quot;},&quot;_id&quot;:&quot;1c579d9&quot;,&quot;jet_parallax_layout_image_tablet&quot;:{&quot;url&quot;:&quot;&quot;,&quot;id&quot;:&quot;&quot;,&quot;size&quot;:&quot;&quot;},&quot;jet_parallax_layout_image_mobile&quot;:{&quot;url&quot;:&quot;&quot;,&quot;id&quot;:&quot;&quot;,&quot;size&quot;:&quot;&quot;},&quot;jet_parallax_layout_speed&quot;:{&quot;unit&quot;:&quot;%&quot;,&quot;size&quot;:50,&quot;sizes&quot;:[]},&quot;jet_parallax_layout_type&quot;:&quot;scroll&quot;,&quot;jet_parallax_layout_direction&quot;:null,&quot;jet_parallax_layout_fx_direction&quot;:null,&quot;jet_parallax_layout_z_index&quot;:&quot;&quot;,&quot;jet_parallax_layout_bg_x&quot;:50,&quot;jet_parallax_layout_bg_x_tablet&quot;:&quot;&quot;,&quot;jet_parallax_layout_bg_x_mobile&quot;:&quot;&quot;,&quot;jet_parallax_layout_bg_y&quot;:50,&quot;jet_parallax_layout_bg_y_tablet&quot;:&quot;&quot;,&quot;jet_parallax_layout_bg_y_mobile&quot;:&quot;&quot;,&quot;jet_parallax_layout_bg_size&quot;:&quot;auto&quot;,&quot;jet_parallax_layout_bg_size_tablet&quot;:&quot;&quot;,&quot;jet_parallax_layout_bg_size_mobile&quot;:&quot;&quot;,&quot;jet_parallax_layout_animation_prop&quot;:&quot;transform&quot;,&quot;jet_parallax_layout_on&quot;:[&quot;desktop&quot;,&quot;tablet&quot;]}]}\">\n\t\t\t\t\t\t<div class=\"elementor-container elementor-column-gap-default\">\n\t\t\t\t\t<div class=\"elementor-column elementor-col-100 elementor-top-column elementor-element elementor-element-5862d15\" data-id=\"5862d15\" data-element_type=\"column\">\n\t\t\t<div class=\"elementor-widget-wrap elementor-element-populated\">\n\t\t\t\t\t\t<div class=\"elementor-element elementor-element-0010aa7 elementor-widget elementor-widget-heading\" data-id=\"0010aa7\" data-element_type=\"widget\" data-widget_type=\"heading.default\">\n\t\t\t\t\t<h1 class=\"elementor-heading-title elementor-size-default\">POLITIKA ZASEBNOSTI<\/h1>\t\t\t\t<\/div>\n\t\t\t\t<div class=\"elementor-element elementor-element-68362b9 elementor-widget elementor-widget-heading\" data-id=\"68362b9\" data-element_type=\"widget\" data-widget_type=\"heading.default\">\n\t\t\t\t\t<h1 class=\"elementor-heading-title elementor-size-default\">Varovanje podatkov<\/h1>\t\t\t\t<\/div>\n\t\t\t\t<div class=\"elementor-element elementor-element-ac5903d elementor-widget elementor-widget-text-editor\" data-id=\"ac5903d\" data-element_type=\"widget\" data-widget_type=\"text-editor.default\">\n\t\t\t\t\t\t\t\t\t<p>The owner of the website guarantees the protection of personal data, which will be used exclusively for the purpose of informing about the progress of the order (if the visitor places an order online) and, at the request of the buyer, for informing about new products and campaigns. The owner guarantees that the data of visitors and users will be used only for the purpose of the smooth flow of orders and will not be handed over to a third party.<\/p><p>In case of problems or ambiguities in the use of the website, the owner of the website reserves the right to contact the consumer by phone or e-mail.<\/p><p>By making a purchase online, the visitor authorizes the website owner to collect and use personal data. All information provided by the visitor when ordering is intended only for the provider&#039;s business, which is not forwarded for other purposes or to a third party. In the event of a possible &quot;intrusion&quot; into the computer system, we do not assume responsibility.<\/p><p>In doing business, we comply with the Consumer Protection Act and do business in accordance with the Act on Electronic Business in the Market.<\/p>\t\t\t\t\t\t\t\t<\/div>\n\t\t\t\t<div class=\"elementor-element elementor-element-c196cf9 elementor-widget elementor-widget-heading\" data-id=\"c196cf9\" data-element_type=\"widget\" data-widget_type=\"heading.default\">\n\t\t\t\t\t<h1 class=\"elementor-heading-title elementor-size-default\">Vsebina strani:<\/h1>\t\t\t\t<\/div>\n\t\t\t\t<div class=\"elementor-element elementor-element-a4ea11a elementor-widget elementor-widget-text-editor\" data-id=\"a4ea11a\" data-element_type=\"widget\" data-widget_type=\"text-editor.default\">\n\t\t\t\t\t\t\t\t\t<p>We strive to ensure that the online store includes accurate and up-to-date information. However, we do not guarantee the accuracy of the information, nor do we assume any compensation or other liability for errors in the contents of the online store. The images of the articles are symbolic and do not always represent the actual condition such as colors and shapes.<\/p>\t\t\t\t\t\t\t\t<\/div>\n\t\t\t\t<div class=\"elementor-element elementor-element-2c06a49 elementor-widget elementor-widget-heading\" data-id=\"2c06a49\" data-element_type=\"widget\" data-widget_type=\"heading.default\">\n\t\t\t\t\t<h1 class=\"elementor-heading-title elementor-size-default\">Obvestila [promocijska sporo\u010dila]:<\/h1>\t\t\t\t<\/div>\n\t\t\t\t<div class=\"elementor-element elementor-element-368d407 elementor-widget elementor-widget-text-editor\" data-id=\"368d407\" data-element_type=\"widget\" data-widget_type=\"text-editor.default\">\n\t\t\t\t\t\t\t\t\t<p>We do not send SPAM messages!<\/p><p>The provider will contact the user for advertising purposes only through means of remote communication and only if the user expressly agrees.<\/p><p>Advertising emails will contain the following components:<\/p><p>\u2013 they will be clearly and unequivocally marked as advertising messages,<br \/>\u2013 the sender will be clearly visible,<br \/>- various actions, promotions and other marketing techniques will be marked as such, where the conditions of participation in them will be clearly defined,<br \/>- the method of unsubscribing from receiving advertising messages will be clearly presented,<br \/>- the provider will expressly respect the user&#039;s wish not to receive advertising messages.<\/p>\t\t\t\t\t\t\t\t<\/div>\n\t\t\t\t\t<\/div>\n\t\t<\/div>\n\t\t\t\t\t<\/div>\n\t\t<\/section>\n\t\t\t\t<\/div>","protected":false},"excerpt":{"rendered":"<p>POLITIKA ZASEBNOSTI Varovanje podatkov Lastnik spletnega mesta zagotavlja varovanje osebnih podatkov, ki bodo uporabljeni izklju\u010dno v namene obve\u0161\u010danja o poteku naro\u010dila (\u010de obiskovalec opravi naro\u010dilo prek spleta) ter na \u017eeljo kupca za obve\u0161\u010danje o novih izdelkih in akcijah. Lastnik jam\u010di, da bodo podatki obiskovalcev in uporabnikov uporabljeni le v namen nemotenega poteka naro\u010dil in ne [&hellip;]<\/p>","protected":false},"author":1,"featured_media":0,"parent":0,"menu_order":0,"comment_status":"closed","ping_status":"closed","template":"","meta":{"_seopress_robots_primary_cat":"","_seopress_titles_title":"","_seopress_titles_desc":"","_seopress_robots_index":"","footnotes":""},"class_list":["post-29467","page","type-page","status-publish","hentry","entry","owp-thumbs-layout-horizontal","owp-btn-big","owp-tabs-layout-horizontal","has-no-thumbnails","has-product-nav"],"_links":{"self":[{"href":"https:\/\/www.sadeja.si\/en\/wp-json\/wp\/v2\/pages\/29467","targetHints":{"allow":["GET"]}}],"collection":[{"href":"https:\/\/www.sadeja.si\/en\/wp-json\/wp\/v2\/pages"}],"about":[{"href":"https:\/\/www.sadeja.si\/en\/wp-json\/wp\/v2\/types\/page"}],"author":[{"embeddable":true,"href":"https:\/\/www.sadeja.si\/en\/wp-json\/wp\/v2\/users\/1"}],"replies":[{"embeddable":true,"href":"https:\/\/www.sadeja.si\/en\/wp-json\/wp\/v2\/comments?post=29467"}],"version-history":[{"count":0,"href":"https:\/\/www.sadeja.si\/en\/wp-json\/wp\/v2\/pages\/29467\/revisions"}],"wp:attachment":[{"href":"https:\/\/www.sadeja.si\/en\/wp-json\/wp\/v2\/media?parent=29467"}],"curies":[{"name":"wp","href":"https:\/\/api.w.org\/{rel}","templated":true}]}}