{"id":27788,"date":"2023-01-10T08:59:24","date_gmt":"2023-01-10T08:59:24","guid":{"rendered":"https:\/\/www.ivh44.si\/Ponudbe\/divaisha\/divaisha-copy\/"},"modified":"2024-03-15T11:32:10","modified_gmt":"2024-03-15T11:32:10","slug":"liofilizirano-sadje","status":"publish","type":"page","link":"https:\/\/www.sadeja.si\/en\/liofilizirano-sadje\/","title":{"rendered":"Freeze-dried fruit"},"content":{"rendered":"<div data-elementor-type=\"wp-page\" data-elementor-id=\"27788\" class=\"elementor elementor-27788\" data-elementor-post-type=\"page\">\n\t\t\t\t\t\t<section class=\"elementor-section elementor-top-section elementor-element elementor-element-ea80c10 elementor-section-height-min-height elementor-section-boxed elementor-section-height-default elementor-section-items-middle\" data-id=\"ea80c10\" data-element_type=\"section\" data-settings=\"{&quot;jet_parallax_layout_list&quot;:[{&quot;jet_parallax_layout_image&quot;:{&quot;url&quot;:&quot;&quot;,&quot;id&quot;:&quot;&quot;,&quot;size&quot;:&quot;&quot;},&quot;_id&quot;:&quot;1c579d9&quot;,&quot;jet_parallax_layout_image_tablet&quot;:{&quot;url&quot;:&quot;&quot;,&quot;id&quot;:&quot;&quot;,&quot;size&quot;:&quot;&quot;},&quot;jet_parallax_layout_image_mobile&quot;:{&quot;url&quot;:&quot;&quot;,&quot;id&quot;:&quot;&quot;,&quot;size&quot;:&quot;&quot;},&quot;jet_parallax_layout_speed&quot;:{&quot;unit&quot;:&quot;%&quot;,&quot;size&quot;:50,&quot;sizes&quot;:[]},&quot;jet_parallax_layout_type&quot;:&quot;scroll&quot;,&quot;jet_parallax_layout_direction&quot;:null,&quot;jet_parallax_layout_fx_direction&quot;:null,&quot;jet_parallax_layout_z_index&quot;:&quot;&quot;,&quot;jet_parallax_layout_bg_x&quot;:50,&quot;jet_parallax_layout_bg_x_tablet&quot;:&quot;&quot;,&quot;jet_parallax_layout_bg_x_mobile&quot;:&quot;&quot;,&quot;jet_parallax_layout_bg_y&quot;:50,&quot;jet_parallax_layout_bg_y_tablet&quot;:&quot;&quot;,&quot;jet_parallax_layout_bg_y_mobile&quot;:&quot;&quot;,&quot;jet_parallax_layout_bg_size&quot;:&quot;auto&quot;,&quot;jet_parallax_layout_bg_size_tablet&quot;:&quot;&quot;,&quot;jet_parallax_layout_bg_size_mobile&quot;:&quot;&quot;,&quot;jet_parallax_layout_animation_prop&quot;:&quot;transform&quot;,&quot;jet_parallax_layout_on&quot;:[&quot;desktop&quot;,&quot;tablet&quot;]}]}\">\n\t\t\t\t\t\t<div class=\"elementor-container elementor-column-gap-default\">\n\t\t\t\t\t<div class=\"elementor-column elementor-col-50 elementor-top-column elementor-element elementor-element-5862d15\" data-id=\"5862d15\" data-element_type=\"column\">\n\t\t\t<div class=\"elementor-widget-wrap elementor-element-populated\">\n\t\t\t\t\t\t<div class=\"elementor-element elementor-element-0010aa7 elementor-widget elementor-widget-heading\" data-id=\"0010aa7\" data-element_type=\"widget\" data-widget_type=\"heading.default\">\n\t\t\t\t\t<h1 class=\"elementor-heading-title elementor-size-default\">Freeze-dried fruit<\/h1>\t\t\t\t<\/div>\n\t\t\t\t<div class=\"elementor-element elementor-element-ac5903d elementor-widget elementor-widget-text-editor\" data-id=\"ac5903d\" data-element_type=\"widget\" data-widget_type=\"text-editor.default\">\n\t\t\t\t\t\t\t\t\t<p>Freeze-dried fruit is dried fruit obtained by freeze-drying, a process that involves freezing and removing moisture under vacuum. This process preserves nutrients, flavor, color and texture.\u00a0<\/p>\t\t\t\t\t\t\t\t<\/div>\n\t\t\t\t<div class=\"elementor-element elementor-element-c970ec9 elementor-align-left elementor-widget__width-auto elementor-widget elementor-widget-button\" data-id=\"c970ec9\" data-element_type=\"widget\" data-widget_type=\"button.default\">\n\t\t\t\t\t\t\t\t\t\t<a class=\"elementor-button elementor-button-link elementor-size-sm\" href=\"https:\/\/www.sadeja.si\/en\/product-category\/izdelki\/\">\n\t\t\t\t\t\t<span class=\"elementor-button-content-wrapper\">\n\t\t\t\t\t\t\t\t\t<span class=\"elementor-button-text\">NAKUP Liofiliziranega sadja<\/span>\n\t\t\t\t\t<\/span>\n\t\t\t\t\t<\/a>\n\t\t\t\t\t\t\t\t<\/div>\n\t\t\t\t<div class=\"elementor-element elementor-element-68362b9 elementor-widget elementor-widget-heading\" data-id=\"68362b9\" data-element_type=\"widget\" data-widget_type=\"heading.default\">\n\t\t\t\t\t<h1 class=\"elementor-heading-title elementor-size-default\">Production<\/h1>\t\t\t\t<\/div>\n\t\t\t\t<div class=\"elementor-element elementor-element-38f6fd8 elementor-widget elementor-widget-text-editor\" data-id=\"38f6fd8\" data-element_type=\"widget\" data-widget_type=\"text-editor.default\">\n\t\t\t\t\t\t\t\t\t<p>The production of freeze-dried fruit involves the selection of fresh and ripe fruit, which is washed, peeled and cut into small pieces. These pieces are then frozen. When the fruit is deep frozen, the vacuum is turned on. This ensures that the fruit retains its shape, despite the addition of slight heat which causes the fruit to dry out. The final product is freeze-dried fruit that is crunchy and full of nutrients.<\/p>\t\t\t\t\t\t\t\t<\/div>\n\t\t\t\t<div class=\"elementor-element elementor-element-c196cf9 elementor-widget elementor-widget-heading\" data-id=\"c196cf9\" data-element_type=\"widget\" data-widget_type=\"heading.default\">\n\t\t\t\t\t<h1 class=\"elementor-heading-title elementor-size-default\">Positive features<\/h1>\t\t\t\t<\/div>\n\t\t\t\t<div class=\"elementor-element elementor-element-24fa6f9 elementor-widget elementor-widget-text-editor\" data-id=\"24fa6f9\" data-element_type=\"widget\" data-widget_type=\"text-editor.default\">\n\t\t\t\t\t\t\t\t\t<p>Liofilizirano sadje je super za zdravje, saj vsebuje veliko vlaknin, vitaminov in mineralov, ki so pomembni za normalno delovanje telesa. Vlaknine pomagajo uravnavati prebavo in prepre\u010dujejo zaprtje, vitamini pa spodbujajo zdravje ko\u017ee, las in nohtov.\u00a0 Pomagajo pri prepre\u010devanju bolezni srca, sladkorne bolezni ter drugimi boleznimi. Poleg tega so liofilizirani prigrizki kot nala\u0161\u010d za ljudi, ki imajo radi sadje, vendar nimajo vedno dostopa do sve\u017eega sadja ali pa so na poti. Liofilizirano sadje je lahko in prakti\u010dno. Na\u0161e izdelke lahko vzamete s seboj kamorkoli greste, in ne zahtevajo hladilnika, kar pomeni, da so odli\u010dni tudi za aktivnosti na prostem. Za\u0161\u010diteni so v priro\u010dni embala\u017ei, ki jih \u0161\u010diti pred vlago in svetlobo.\u00a0<\/p>\t\t\t\t\t\t\t\t<\/div>\n\t\t\t\t\t<\/div>\n\t\t<\/div>\n\t\t\t\t<div class=\"elementor-column elementor-col-50 elementor-top-column elementor-element elementor-element-d16521c\" data-id=\"d16521c\" data-element_type=\"column\">\n\t\t\t<div class=\"elementor-widget-wrap elementor-element-populated\">\n\t\t\t\t\t\t<div class=\"elementor-element elementor-element-dcc6acb elementor-widget elementor-widget-image\" data-id=\"dcc6acb\" data-element_type=\"widget\" data-widget_type=\"image.default\">\n\t\t\t\t\t\t\t\t\t\t\t\t\t\t\t<img decoding=\"async\" src=\"https:\/\/www.sadeja.si\/wp-content\/uploads\/elementor\/thumbs\/Brown-Cream-Simple-Minimalist-Four-Basic-Skincare-Mind-Map-10-\u00d7-16-cm-500-\u00d7-800-pik-1-1-r2ic7lt182jsn7yjm3i33bedsnwaefsc7vfu9ngdog.jpg\" title=\"brown cream simple minimalist four basic skincare mind map (10 \u00d7 16, cm) (500 \u00d7 800, dot) (1)\" alt=\"brown cream simple minimalist four basic skincare mind map (10 \u00d7 16, cm) (500 \u00d7 800, pik) (1)\" loading=\"lazy\" \/>\t\t\t\t\t\t\t\t\t\t\t\t\t\t\t<\/div>\n\t\t\t\t\t<\/div>\n\t\t<\/div>\n\t\t\t\t\t<\/div>\n\t\t<\/section>\n\t\t\t\t<\/div>","protected":false},"excerpt":{"rendered":"<p>Liofilizirano sadje Liofilizirano sadje je su\u0161eno sadje, pridobljeno z liofilizacijo, postopkom, ki vklju\u010duje zamrzovanje in odstranjevanje vlage pod vakuumom. Ta postopek ohranja hranilne snovi, okus, barvo in teksturo.\u00a0 NAKUP Liofiliziranega sadja Pridelava Pridelava liofiliziranega sadja vklju\u010duje izbor sve\u017eega in zrelega sadja, ki se opere, olupi in nare\u017ee na manj\u0161e ko\u0161\u010dke. Ti ko\u0161\u010dki se nato zamrznejo. [&hellip;]<\/p>","protected":false},"author":1,"featured_media":0,"parent":0,"menu_order":0,"comment_status":"closed","ping_status":"closed","template":"","meta":{"_seopress_robots_primary_cat":"","_seopress_titles_title":"","_seopress_titles_desc":"","_seopress_robots_index":"","footnotes":""},"class_list":["post-27788","page","type-page","status-publish","hentry","entry","owp-thumbs-layout-horizontal","owp-btn-big","owp-tabs-layout-horizontal","has-no-thumbnails","has-product-nav"],"_links":{"self":[{"href":"https:\/\/www.sadeja.si\/en\/wp-json\/wp\/v2\/pages\/27788","targetHints":{"allow":["GET"]}}],"collection":[{"href":"https:\/\/www.sadeja.si\/en\/wp-json\/wp\/v2\/pages"}],"about":[{"href":"https:\/\/www.sadeja.si\/en\/wp-json\/wp\/v2\/types\/page"}],"author":[{"embeddable":true,"href":"https:\/\/www.sadeja.si\/en\/wp-json\/wp\/v2\/users\/1"}],"replies":[{"embeddable":true,"href":"https:\/\/www.sadeja.si\/en\/wp-json\/wp\/v2\/comments?post=27788"}],"version-history":[{"count":0,"href":"https:\/\/www.sadeja.si\/en\/wp-json\/wp\/v2\/pages\/27788\/revisions"}],"wp:attachment":[{"href":"https:\/\/www.sadeja.si\/en\/wp-json\/wp\/v2\/media?parent=27788"}],"curies":[{"name":"wp","href":"https:\/\/api.w.org\/{rel}","templated":true}]}}